{"id":7798,"date":"2024-03-26T12:44:25","date_gmt":"2024-03-26T12:44:25","guid":{"rendered":"https:\/\/legacy.tunneltech.eu\/?page_id=7798"},"modified":"2025-06-07T09:03:15","modified_gmt":"2025-06-07T09:03:15","slug":"windtunnel","status":"publish","type":"page","link":"https:\/\/legacy.tunneltech.eu\/de\/windtunnel\/","title":{"rendered":"Windtunnel"},"content":{"rendered":"\t\t<div data-elementor-type=\"wp-page\" data-elementor-id=\"7798\" class=\"elementor elementor-7798 elementor-68\" data-elementor-post-type=\"page\">\n\t\t\t\t<div class=\"elementor-element elementor-element-64c04c8 tabular-btns e-flex e-con-boxed e-con e-parent\" data-id=\"64c04c8\" data-element_type=\"container\" data-e-type=\"container\">\n\t\t\t\t\t<div class=\"e-con-inner\">\n\t\t\t\t<div class=\"elementor-element elementor-element-b9d98f8 elementor-widget-tablet__width-inherit elementor-widget-mobile__width-auto elementor-widget elementor-widget-text-editor\" data-id=\"b9d98f8\" data-element_type=\"widget\" data-e-type=\"widget\" data-widget_type=\"text-editor.default\">\n\t\t\t\t<div class=\"elementor-widget-container\">\n\t\t\t\t\t\t\t\t\t<div id=\"hitbtns\" class=\"justify-content-around\">\r\n  <div class=\"container\">\r\n    <p style=\"text-align: center;\">\r\n      <a class=\"btn\" href=\"#\">U<sup>FLY<\/sup><\/a>\r\n      <a class=\"btn\" href=\"#\">SMART<\/a>\r\n      <a class=\"btn\" href=\"#\">PRO<\/a>\r\n    <\/p>\r\n  <\/div>\r\n<\/div>\r\n\t\t\t\t\t\t\t\t<\/div>\n\t\t\t\t<\/div>\n\t\t\t\t\t<\/div>\n\t\t\t\t<\/div>\n\t\t<div class=\"elementor-element elementor-element-3dc07da e-flex e-con-boxed e-con e-parent\" data-id=\"3dc07da\" data-element_type=\"container\" data-e-type=\"container\">\n\t\t\t\t\t<div class=\"e-con-inner\">\n\t\t\t\t<div class=\"elementor-element elementor-element-1eb2f10 elementor-widget elementor-widget-text-editor\" data-id=\"1eb2f10\" data-element_type=\"widget\" data-e-type=\"widget\" data-widget_type=\"text-editor.default\">\n\t\t\t\t<div class=\"elementor-widget-container\">\n\t\t\t\t\t\t\t\t\t<div class=\"table-responsive lineup-table\">\n<table class=\"table\">\n<tbody>\n<tr>\n<td class=\"table-img\">\n          <img fetchpriority=\"high\" decoding=\"async\" class=\"alignnone wp-image-3055 size-full\" src=\"https:\/\/legacy.tunneltech.eu\/wp-content\/uploads\/2024\/08\/\u00b5FLY-line-group-render.png\" alt=\"\" width=\"2560\" height=\"1707\" srcset=\"https:\/\/legacy.tunneltech.eu\/wp-content\/uploads\/2024\/08\/\u00b5FLY-line-group-render.png 2560w, https:\/\/legacy.tunneltech.eu\/wp-content\/uploads\/2024\/08\/\u00b5FLY-line-group-render-300x200.png 300w, https:\/\/legacy.tunneltech.eu\/wp-content\/uploads\/2024\/08\/\u00b5FLY-line-group-render-1024x683.png 1024w, https:\/\/legacy.tunneltech.eu\/wp-content\/uploads\/2024\/08\/\u00b5FLY-line-group-render-768x512.png 768w, https:\/\/legacy.tunneltech.eu\/wp-content\/uploads\/2024\/08\/\u00b5FLY-line-group-render-1536x1024.png 1536w, https:\/\/legacy.tunneltech.eu\/wp-content\/uploads\/2024\/08\/\u00b5FLY-line-group-render-2048x1365.png 2048w\" sizes=\"(max-width: 2560px) 100vw, 2560px\" \/>\n        <\/td>\n<td class=\"table-img\">\n          <img decoding=\"async\" class=\"alignnone wp-image-3057 size-large\" src=\"https:\/\/legacy.tunneltech.eu\/wp-content\/uploads\/2024\/08\/SMART-line-group-render-1024x683.png\" alt=\"\" width=\"640\" height=\"427\" srcset=\"https:\/\/legacy.tunneltech.eu\/wp-content\/uploads\/2024\/08\/SMART-line-group-render-1024x683.png 1024w, https:\/\/legacy.tunneltech.eu\/wp-content\/uploads\/2024\/08\/SMART-line-group-render-300x200.png 300w, https:\/\/legacy.tunneltech.eu\/wp-content\/uploads\/2024\/08\/SMART-line-group-render-768x512.png 768w, https:\/\/legacy.tunneltech.eu\/wp-content\/uploads\/2024\/08\/SMART-line-group-render-1536x1024.png 1536w, https:\/\/legacy.tunneltech.eu\/wp-content\/uploads\/2024\/08\/SMART-line-group-render-2048x1365.png 2048w\" sizes=\"(max-width: 640px) 100vw, 640px\" \/>\n        <\/td>\n<td class=\"table-img\">\n          <img decoding=\"async\" class=\"alignnone wp-image-3058 size-large\" src=\"https:\/\/legacy.tunneltech.eu\/wp-content\/uploads\/2024\/08\/PRO-line-group-render-1024x683.png\" alt=\"\" width=\"640\" height=\"427\" \/>\n        <\/td>\n<\/tr>\n<tr>\n<td class=\"table-para\">\n          All-in-One-Windtunnel-L\u00f6sung, Einsteigermodell f\u00fcr standortbasierte Unterhaltungsprojekte. Bietet das intensivste Flugerlebnis bei minimalen Investitionskosten. Ultrakompakte Windtunnel-Anlage f\u00fcr anspruchsvolle Raumverh\u00e4ltnisse.\n        <\/td>\n<td class=\"table-para\">\n          Kosten\u00adeffiziente, unterhaltungs\u00adorientierte Windtunnel mit hoher Leistung bei geringeren Investitions\u00adkosten. Ideal f\u00fcr Unternehmen, Fallschirmspringer-Training und standardisierte Indoor-Skydiving-Events.\n        <\/td>\n<td class=\"table-para\">\n          Hochleistungs-Flugsysteme mit modernster Technologie, neuesten L\u00f6sungen und Materialien. Herausragende Energieeffizienz, geringste Ger\u00e4usch\u00ademissionen und exzellente Luftstrom\u00adqualit\u00e4t. Un\u00fcbertroffene Leistung f\u00fcr Gesch\u00e4fts- und Profianwendungen. Geringste Betriebs\u00adkosten und bis zu 60 % weniger Stromverbrauch durch Direktbel\u00fcftung.\n        <\/td>\n<\/tr>\n<tr>\n<th colspan=\"4\">Typ<\/th>\n<\/tr>\n<tr>\n<td>Umluftsystem<\/td>\n<td>Umluftsystem<\/td>\n<td>Umluftsystem<\/td>\n<\/tr>\n<tr>\n<th colspan=\"4\">\n          Infrastrukturkosten<br \/>\n          <span class=\"table-tooltip\" data-bs-toggle=\"tooltip\" data-bs-placement=\"top\" data-bs-html=\"true\" data-bs-title=\"Die Infrastrukturkosten beziehen sich auf die Sch\u00e4tzung der tragenden Struktur und des grundlegenden Geb\u00e4udeaufbaus. Dieser Wert kann je nach Standort und Architektur des Windtunnels stark variieren.\"><br \/>\n            ?<br \/>\n          <\/span>\n        <\/th>\n<\/tr>\n<tr>\n<td>0,5\u20131<br \/><small>Million \u20ac<\/small><\/td>\n<td>1\u20132<br \/><small>Million \u20ac<\/small><\/td>\n<td>2\u20134<br \/><small>Million \u20ac<\/small><\/td>\n<\/tr>\n<tr>\n<th colspan=\"4\">Gr\u00f6\u00dfen<\/th>\n<\/tr>\n<tr>\n<td>10<small> Fu\u00df<\/small><\/td>\n<td>12, 14<small> Fu\u00df<\/small><\/td>\n<td>14+, 17, 21<small> Fu\u00df<\/small><\/td>\n<\/tr>\n<tr>\n<th colspan=\"4\">Direktbel\u00fcftung<\/th>\n<\/tr>\n<tr>\n<td>Nein<\/td>\n<td>Nein<\/td>\n<td>Ja<\/td>\n<\/tr>\n<tr>\n<th colspan=\"4\">\n          Aktive K\u00fchlung<br \/>\n          <span class=\"table-tooltip\" data-bs-toggle=\"tooltip\" data-bs-placement=\"top\" data-bs-html=\"true\" data-bs-title=\"Das aktive K\u00fchlsystem von Tunnel Tech funktioniert durch Zufuhr von gek\u00fchltem Wasser in die Hohlr\u00e4ume der Aluminium-Leitbleche. Diese Methode ist die effektivste K\u00fchlung f\u00fcr Windtunnel, ohne Turbulenzen oder Druck- und Effizienzverluste zu verursachen.\"><br \/>\n            ?<br \/>\n          <\/span>\n        <\/th>\n<\/tr>\n<tr>\n<td>Ja, inklusive K\u00e4ltemaschine<\/td>\n<td>Ja<\/td>\n<td>Optional<\/td>\n<\/tr>\n<tr>\n<th colspan=\"4\">Ger\u00e4uschpegel<\/th>\n<\/tr>\n<tr>\n<td>63<small>dB (A)<\/small><\/td>\n<td>60<small>dB (A)<\/small><\/td>\n<td>51\u201355<small>dB (A)<\/small><\/td>\n<\/tr>\n<tr>\n<th colspan=\"4\">Windgeschwindigkeit<\/th>\n<\/tr>\n<tr>\n<td>240<small>km\/h<\/small><\/td>\n<td>270<small>km\/h<\/small><\/td>\n<td>275\u2013330<small>km\/h<\/small><\/td>\n<\/tr>\n<tr>\n<th colspan=\"4\">Geschwindigkeits\u00adreduktion<\/th>\n<\/tr>\n<tr>\n<td>1,96<small>x<\/small><\/td>\n<td>2,06<small>x<\/small><\/td>\n<td><small style=\"display: inline; margin-right: 5px;\">bis zu<\/small>2,12<small>x<\/small><\/td>\n<\/tr>\n<tr>\n<th colspan=\"4\">Glash\u00f6he<\/th>\n<\/tr>\n<tr>\n<td>7<small> Meter<\/small><\/td>\n<td>4\u201311<small> Meter<\/small><\/td>\n<td>8\u201336<small> Meter<\/small><\/td>\n<\/tr>\n<\/tbody>\n<\/table>\n<\/div>\n\t\t\t\t\t\t\t\t<\/div>\n\t\t\t\t<\/div>\n\t\t\t\t\t<\/div>\n\t\t\t\t<\/div>\n\t\t\t\t<\/div>\n\t\t","protected":false},"excerpt":{"rendered":"<p>UFLY SMART PRO All-in-One-Windtunnel-L\u00f6sung, Einsteigermodell f\u00fcr standortbasierte Unterhaltungsprojekte. Bietet das intensivste Flugerlebnis bei minimalen Investitionskosten. Ultrakompakte Windtunnel-Anlage f\u00fcr anspruchsvolle Raumverh\u00e4ltnisse. Kosten\u00adeffiziente, unterhaltungs\u00adorientierte Windtunnel mit hoher Leistung bei geringeren Investitions\u00adkosten. Ideal f\u00fcr Unternehmen, Fallschirmspringer-Training und standardisierte Indoor-Skydiving-Events. Hochleistungs-Flugsysteme mit modernster Technologie, neuesten L\u00f6sungen und Materialien. Herausragende Energieeffizienz, geringste Ger\u00e4usch\u00ademissionen und exzellente Luftstrom\u00adqualit\u00e4t. Un\u00fcbertroffene Leistung f\u00fcr Gesch\u00e4fts- [&hellip;]<\/p>\n","protected":false},"author":1,"featured_media":21334,"parent":0,"menu_order":0,"comment_status":"closed","ping_status":"closed","template":"elementor_theme","meta":{"_acf_changed":false,"footnotes":""},"class_list":["post-7798","page","type-page","status-publish","has-post-thumbnail","hentry"],"acf":[],"_links":{"self":[{"href":"https:\/\/legacy.tunneltech.eu\/de\/wp-json\/wp\/v2\/pages\/7798","targetHints":{"allow":["GET"]}}],"collection":[{"href":"https:\/\/legacy.tunneltech.eu\/de\/wp-json\/wp\/v2\/pages"}],"about":[{"href":"https:\/\/legacy.tunneltech.eu\/de\/wp-json\/wp\/v2\/types\/page"}],"author":[{"embeddable":true,"href":"https:\/\/legacy.tunneltech.eu\/de\/wp-json\/wp\/v2\/users\/1"}],"replies":[{"embeddable":true,"href":"https:\/\/legacy.tunneltech.eu\/de\/wp-json\/wp\/v2\/comments?post=7798"}],"version-history":[{"count":2,"href":"https:\/\/legacy.tunneltech.eu\/de\/wp-json\/wp\/v2\/pages\/7798\/revisions"}],"predecessor-version":[{"id":27694,"href":"https:\/\/legacy.tunneltech.eu\/de\/wp-json\/wp\/v2\/pages\/7798\/revisions\/27694"}],"wp:featuredmedia":[{"embeddable":true,"href":"https:\/\/legacy.tunneltech.eu\/de\/wp-json\/wp\/v2\/media\/21334"}],"wp:attachment":[{"href":"https:\/\/legacy.tunneltech.eu\/de\/wp-json\/wp\/v2\/media?parent=7798"}],"curies":[{"name":"wp","href":"https:\/\/api.w.org\/{rel}","templated":true}]}}