{"id":17095,"date":"2024-03-26T12:44:53","date_gmt":"2024-03-26T12:44:53","guid":{"rendered":"https:\/\/legacy.tunneltech.eu\/?page_id=17095"},"modified":"2025-04-18T10:44:56","modified_gmt":"2025-04-18T10:44:56","slug":"servicios","status":"publish","type":"page","link":"https:\/\/legacy.tunneltech.eu\/es\/servicios\/","title":{"rendered":"Servicios"},"content":{"rendered":"\t\t<div data-elementor-type=\"wp-page\" data-elementor-id=\"17095\" class=\"elementor elementor-17095 elementor-70\" data-elementor-post-type=\"page\">\n\t\t\t\t<div class=\"elementor-element elementor-element-421fc86 e-flex e-con-boxed e-con e-parent\" data-id=\"421fc86\" data-element_type=\"container\" data-e-type=\"container\">\n\t\t\t\t\t<div class=\"e-con-inner\">\n\t\t\t\t<div class=\"elementor-element elementor-element-47b6f75 h1-title-abs elementor-widget elementor-widget-heading\" data-id=\"47b6f75\" data-element_type=\"widget\" data-e-type=\"widget\" data-widget_type=\"heading.default\">\n\t\t\t\t<div class=\"elementor-widget-container\">\n\t\t\t\t\t<h1 class=\"elementor-heading-title elementor-size-default\">Servicios<\/h1>\t\t\t\t<\/div>\n\t\t\t\t<\/div>\n\t\t<div class=\"elementor-element elementor-element-55e35d3 e-flex e-con-boxed e-con e-child\" data-id=\"55e35d3\" data-element_type=\"container\" data-e-type=\"container\">\n\t\t\t\t\t<div class=\"e-con-inner\">\n\t\t\t\t<div class=\"elementor-element elementor-element-e0efa74 elementor-grid-2 elementor-grid-tablet-2 elementor-grid-mobile-1 elementor-posts--thumbnail-top elementor-posts--show-avatar elementor-card-shadow-yes elementor-posts__hover-gradient elementor-widget elementor-widget-posts\" data-id=\"e0efa74\" data-element_type=\"widget\" data-e-type=\"widget\" data-settings=\"{&quot;cards_columns&quot;:&quot;2&quot;,&quot;cards_columns_tablet&quot;:&quot;2&quot;,&quot;cards_columns_mobile&quot;:&quot;1&quot;,&quot;cards_row_gap&quot;:{&quot;unit&quot;:&quot;px&quot;,&quot;size&quot;:35,&quot;sizes&quot;:[]},&quot;cards_row_gap_tablet&quot;:{&quot;unit&quot;:&quot;px&quot;,&quot;size&quot;:&quot;&quot;,&quot;sizes&quot;:[]},&quot;cards_row_gap_mobile&quot;:{&quot;unit&quot;:&quot;px&quot;,&quot;size&quot;:&quot;&quot;,&quot;sizes&quot;:[]}}\" data-widget_type=\"posts.cards\">\n\t\t\t\t<div class=\"elementor-widget-container\">\n\t\t\t\t\t\t\t<div class=\"elementor-posts-container elementor-posts elementor-posts--skin-cards elementor-grid\" role=\"list\">\n\t\t\t\t<article class=\"elementor-post elementor-grid-item post-16105 services type-services status-publish has-post-thumbnail hentry\" role=\"listitem\">\n\t\t\t<div class=\"elementor-post__card\">\n\t\t\t\t<a class=\"elementor-post__thumbnail__link\" href=\"https:\/\/legacy.tunneltech.eu\/es\/services\/mantenimiento-y-servicio\/\" tabindex=\"-1\" ><div class=\"elementor-post__thumbnail\"><img fetchpriority=\"high\" decoding=\"async\" width=\"640\" height=\"321\" src=\"https:\/\/legacy.tunneltech.eu\/wp-content\/uploads\/2024\/04\/TTE-GmbH-Wind-Tunnel-Engineer-performing-Maintenance-Check-on-Turbine-Blades-1024x513.jpg\" class=\"attachment-large size-large wp-image-12760\" alt=\"Engineer performing Wind Tunnel Maintenance Check on Turbine Blades\" srcset=\"https:\/\/legacy.tunneltech.eu\/wp-content\/uploads\/2024\/04\/TTE-GmbH-Wind-Tunnel-Engineer-performing-Maintenance-Check-on-Turbine-Blades-1024x513.jpg 1024w, https:\/\/legacy.tunneltech.eu\/wp-content\/uploads\/2024\/04\/TTE-GmbH-Wind-Tunnel-Engineer-performing-Maintenance-Check-on-Turbine-Blades-300x150.jpg 300w, https:\/\/legacy.tunneltech.eu\/wp-content\/uploads\/2024\/04\/TTE-GmbH-Wind-Tunnel-Engineer-performing-Maintenance-Check-on-Turbine-Blades-768x385.jpg 768w, https:\/\/legacy.tunneltech.eu\/wp-content\/uploads\/2024\/04\/TTE-GmbH-Wind-Tunnel-Engineer-performing-Maintenance-Check-on-Turbine-Blades-1536x770.jpg 1536w, https:\/\/legacy.tunneltech.eu\/wp-content\/uploads\/2024\/04\/TTE-GmbH-Wind-Tunnel-Engineer-performing-Maintenance-Check-on-Turbine-Blades-2048x1027.jpg 2048w\" sizes=\"(max-width: 640px) 100vw, 640px\" \/><\/div><\/a>\n\t\t\t\t<div class=\"elementor-post__avatar\">\n\t\t\t\t\t<\/div>\n\t\t\t\t<div class=\"elementor-post__text\">\n\t\t\t\t<h3 class=\"elementor-post__title\">\n\t\t\t<a href=\"https:\/\/legacy.tunneltech.eu\/es\/services\/mantenimiento-y-servicio\/\" >\n\t\t\t\tMantenimiento y Servicio\t\t\t<\/a>\n\t\t<\/h3>\n\t\t\t\t<div class=\"elementor-post__excerpt\">\n\t\t\t<p>Mantenimiento y Servicios T\u00e9cnicos En Tunnel Tech ofrecemos un mantenimiento integral y servicios t\u00e9cnicos para t\u00faneles de viento comerciales y militares. Comenzando con t\u00faneles comerciales<\/p>\n\t\t<\/div>\n\t\t\n\t\t<a class=\"elementor-post__read-more\" href=\"https:\/\/legacy.tunneltech.eu\/es\/services\/mantenimiento-y-servicio\/\" aria-label=\"M\u00e1s informaci\u00f3n sobre Mantenimiento y Servicio\" tabindex=\"-1\" >\n\t\t\tLeer m\u00e1s \u00bb\t\t<\/a>\n\n\t\t\t\t<\/div>\n\t\t\t\t\t<\/div>\n\t\t<\/article>\n\t\t\t\t<article class=\"elementor-post elementor-grid-item post-16135 services type-services status-publish has-post-thumbnail hentry\" role=\"listitem\">\n\t\t\t<div class=\"elementor-post__card\">\n\t\t\t\t<a class=\"elementor-post__thumbnail__link\" href=\"https:\/\/legacy.tunneltech.eu\/es\/services\/reacondicionamiento-de-tuneles-de-viento\/\" tabindex=\"-1\" ><div class=\"elementor-post__thumbnail\"><img decoding=\"async\" width=\"640\" height=\"285\" src=\"https:\/\/legacy.tunneltech.eu\/wp-content\/uploads\/2024\/04\/DSCF4001-scaled-e1721824096105-1024x456.jpg\" class=\"attachment-large size-large wp-image-16141\" alt=\"\" srcset=\"https:\/\/legacy.tunneltech.eu\/wp-content\/uploads\/2024\/04\/DSCF4001-scaled-e1721824096105-1024x456.jpg 1024w, https:\/\/legacy.tunneltech.eu\/wp-content\/uploads\/2024\/04\/DSCF4001-scaled-e1721824096105-300x133.jpg 300w, https:\/\/legacy.tunneltech.eu\/wp-content\/uploads\/2024\/04\/DSCF4001-scaled-e1721824096105-768x342.jpg 768w, https:\/\/legacy.tunneltech.eu\/wp-content\/uploads\/2024\/04\/DSCF4001-scaled-e1721824096105-1536x683.jpg 1536w, https:\/\/legacy.tunneltech.eu\/wp-content\/uploads\/2024\/04\/DSCF4001-scaled-e1721824096105-2048x911.jpg 2048w\" sizes=\"(max-width: 640px) 100vw, 640px\" \/><\/div><\/a>\n\t\t\t\t<div class=\"elementor-post__avatar\">\n\t\t\t\t\t<\/div>\n\t\t\t\t<div class=\"elementor-post__text\">\n\t\t\t\t<h3 class=\"elementor-post__title\">\n\t\t\t<a href=\"https:\/\/legacy.tunneltech.eu\/es\/services\/reacondicionamiento-de-tuneles-de-viento\/\" >\n\t\t\t\tReacondicionamiento de t\u00faneles de viento\t\t\t<\/a>\n\t\t<\/h3>\n\t\t\t\t<div class=\"elementor-post__excerpt\">\n\t\t\t<p>Modernizaci\u00f3n de tu t\u00fanel de viento Atendiendo a tus ambiciones y retos La industria de los t\u00faneles de viento est\u00e1 evolucionando constantemente y, con ello,<\/p>\n\t\t<\/div>\n\t\t\n\t\t<a class=\"elementor-post__read-more\" href=\"https:\/\/legacy.tunneltech.eu\/es\/services\/reacondicionamiento-de-tuneles-de-viento\/\" aria-label=\"M\u00e1s informaci\u00f3n sobre Reacondicionamiento de t\u00faneles de viento\" tabindex=\"-1\" >\n\t\t\tLeer m\u00e1s \u00bb\t\t<\/a>\n\n\t\t\t\t<\/div>\n\t\t\t\t\t<\/div>\n\t\t<\/article>\n\t\t\t\t<\/div>\n\t\t\n\t\t\t\t\t\t<\/div>\n\t\t\t\t<\/div>\n\t\t\t\t\t<\/div>\n\t\t\t\t<\/div>\n\t\t\t\t\t<\/div>\n\t\t\t\t<\/div>\n\t\t\t\t<\/div>\n\t\t","protected":false},"excerpt":{"rendered":"<p>Servicios<\/p>\n","protected":false},"author":1,"featured_media":0,"parent":0,"menu_order":0,"comment_status":"closed","ping_status":"closed","template":"elementor_header_footer","meta":{"_acf_changed":false,"footnotes":""},"class_list":["post-17095","page","type-page","status-publish","hentry"],"acf":[],"_links":{"self":[{"href":"https:\/\/legacy.tunneltech.eu\/es\/wp-json\/wp\/v2\/pages\/17095","targetHints":{"allow":["GET"]}}],"collection":[{"href":"https:\/\/legacy.tunneltech.eu\/es\/wp-json\/wp\/v2\/pages"}],"about":[{"href":"https:\/\/legacy.tunneltech.eu\/es\/wp-json\/wp\/v2\/types\/page"}],"author":[{"embeddable":true,"href":"https:\/\/legacy.tunneltech.eu\/es\/wp-json\/wp\/v2\/users\/1"}],"replies":[{"embeddable":true,"href":"https:\/\/legacy.tunneltech.eu\/es\/wp-json\/wp\/v2\/comments?post=17095"}],"version-history":[{"count":1,"href":"https:\/\/legacy.tunneltech.eu\/es\/wp-json\/wp\/v2\/pages\/17095\/revisions"}],"predecessor-version":[{"id":17096,"href":"https:\/\/legacy.tunneltech.eu\/es\/wp-json\/wp\/v2\/pages\/17095\/revisions\/17096"}],"wp:attachment":[{"href":"https:\/\/legacy.tunneltech.eu\/es\/wp-json\/wp\/v2\/media?parent=17095"}],"curies":[{"name":"wp","href":"https:\/\/api.w.org\/{rel}","templated":true}]}}