{"id":17098,"date":"2024-03-26T12:44:25","date_gmt":"2024-03-26T12:44:25","guid":{"rendered":"https:\/\/legacy.tunneltech.eu\/?page_id=17098"},"modified":"2025-04-18T10:44:57","modified_gmt":"2025-04-18T10:44:57","slug":"tuneles-de-viento","status":"publish","type":"page","link":"https:\/\/legacy.tunneltech.eu\/es\/tuneles-de-viento\/","title":{"rendered":"T\u00faneles de viento"},"content":{"rendered":"\t\t<div data-elementor-type=\"wp-page\" data-elementor-id=\"17098\" class=\"elementor elementor-17098 elementor-68\" data-elementor-post-type=\"page\">\n\t\t\t\t<div class=\"elementor-element elementor-element-64c04c8 tabular-btns e-flex e-con-boxed e-con e-parent\" data-id=\"64c04c8\" data-element_type=\"container\" data-e-type=\"container\">\n\t\t\t\t\t<div class=\"e-con-inner\">\n\t\t\t\t<div class=\"elementor-element elementor-element-b9d98f8 elementor-widget-tablet__width-inherit elementor-widget-mobile__width-auto elementor-widget elementor-widget-text-editor\" data-id=\"b9d98f8\" data-element_type=\"widget\" data-e-type=\"widget\" data-widget_type=\"text-editor.default\">\n\t\t\t\t<div class=\"elementor-widget-container\">\n\t\t\t\t\t\t\t\t\t<div id=\"hitbtns\" class=\" justify-content-around\">\r\n<div class=\"container\">\r\n<p style=\"text-align: center;\"><a class=\"btn\" href=\"#\">U<sup>FLY<\/sup><\/a><a class=\"btn\" href=\"#\">SMART<\/a><a class=\"btn\" href=\"#\">PRO<\/a><\/p>\r\n\r\n<\/div>\r\n<\/div>\t\t\t\t\t\t\t\t<\/div>\n\t\t\t\t<\/div>\n\t\t\t\t\t<\/div>\n\t\t\t\t<\/div>\n\t\t<div class=\"elementor-element elementor-element-3dc07da e-flex e-con-boxed e-con e-parent\" data-id=\"3dc07da\" data-element_type=\"container\" data-e-type=\"container\">\n\t\t\t\t\t<div class=\"e-con-inner\">\n\t\t\t\t<div class=\"elementor-element elementor-element-1eb2f10 elementor-widget elementor-widget-text-editor\" data-id=\"1eb2f10\" data-element_type=\"widget\" data-e-type=\"widget\" data-widget_type=\"text-editor.default\">\n\t\t\t\t<div class=\"elementor-widget-container\">\n\t\t\t\t\t\t\t\t\t<div class=\"table-responsive lineup-table\">\n<table class=\"table\">\n<tbody>\n<tr>\n<td class=\"table-img\"><img fetchpriority=\"high\" decoding=\"async\" class=\"alignnone wp-image-3055 size-full\" src=\"https:\/\/legacy.tunneltech.eu\/wp-content\/uploads\/2024\/08\/\u00b5FLY-line-group-render.png\" alt=\"\" width=\"2560\" height=\"1707\" srcset=\"https:\/\/legacy.tunneltech.eu\/wp-content\/uploads\/2024\/08\/\u00b5FLY-line-group-render.png 2560w, https:\/\/legacy.tunneltech.eu\/wp-content\/uploads\/2024\/08\/\u00b5FLY-line-group-render-300x200.png 300w, https:\/\/legacy.tunneltech.eu\/wp-content\/uploads\/2024\/08\/\u00b5FLY-line-group-render-1024x683.png 1024w, https:\/\/legacy.tunneltech.eu\/wp-content\/uploads\/2024\/08\/\u00b5FLY-line-group-render-768x512.png 768w, https:\/\/legacy.tunneltech.eu\/wp-content\/uploads\/2024\/08\/\u00b5FLY-line-group-render-1536x1024.png 1536w, https:\/\/legacy.tunneltech.eu\/wp-content\/uploads\/2024\/08\/\u00b5FLY-line-group-render-2048x1365.png 2048w\" sizes=\"(max-width: 2560px) 100vw, 2560px\" \/><\/td>\n<td class=\"table-img\"><img decoding=\"async\" class=\"alignnone wp-image-3057 size-large\" src=\"https:\/\/legacy.tunneltech.eu\/wp-content\/uploads\/2024\/08\/SMART-line-group-render-1024x683.png\" alt=\"\" width=\"640\" height=\"427\" srcset=\"https:\/\/legacy.tunneltech.eu\/wp-content\/uploads\/2024\/08\/SMART-line-group-render-1024x683.png 1024w, https:\/\/legacy.tunneltech.eu\/wp-content\/uploads\/2024\/08\/SMART-line-group-render-300x200.png 300w, https:\/\/legacy.tunneltech.eu\/wp-content\/uploads\/2024\/08\/SMART-line-group-render-768x512.png 768w, https:\/\/legacy.tunneltech.eu\/wp-content\/uploads\/2024\/08\/SMART-line-group-render-1536x1024.png 1536w, https:\/\/legacy.tunneltech.eu\/wp-content\/uploads\/2024\/08\/SMART-line-group-render-2048x1365.png 2048w\" sizes=\"(max-width: 640px) 100vw, 640px\" \/><\/td>\n<td class=\"table-img\"><img decoding=\"async\" class=\"alignnone wp-image-3058 size-large\" src=\"https:\/\/legacy.tunneltech.eu\/wp-content\/uploads\/2024\/08\/PRO-line-group-render-1024x683.png\" alt=\"\" width=\"640\" height=\"427\" \/><\/td>\n<\/tr>\n<tr>\n<td class=\"table-para\">Soluci\u00f3n integral de nivel inicial, ideal para proyectos orientados al entretenimiento LBE (Location Based Entertainment). Ofrece una experiencia de vuelo excelente con una inversi\u00f3n de capital m\u00ednima. T\u00fanel de viento ultracompacto ideal para espacios limitados.<\/td>\n<td class=\"table-para\">T\u00faneles de viento rentables, orientados al entretenimiento, que ofrecen un gran rendimiento a un costo reducido. Perfectos para negocios, pr\u00e1ctica de paracaidistas y entrenamientos de paracaidismo indoor, as\u00ed como para eventos de clase mundial.<\/td>\n<td class=\"table-para\">M\u00e1quinas de vuelo de alta gama que incorporan las \u00faltimas tecnolog\u00edas, las soluciones y los materiales m\u00e1s novedosos. Eficiencia energ\u00e9tica inigualable, bajas emisiones de ruido y flujo de aire excepcional. Rendimiento incomparable para aplicaciones comerciales y profesionales. Consumo de energ\u00eda hasta un 60% menor debido a la ventilaci\u00f3n directa.<\/td>\n<\/tr>\n<tr>\n<th colspan=\"4\">Tipo<\/th>\n<\/tr>\n<tr>\n<td>Recirculante<\/td>\n<td>Recirculante<\/td>\n<td>Recirculante<\/td>\n<\/tr>\n<tr>\n<th colspan=\"4\">Costo de infraestructura <span class=\"table-tooltip\" data-bs-toggle=\"tooltip\" data-bs-placement=\"top\" data-bs-html=\"true\" data-bs-title=\"El costo de infraestructura se refiere a la estimaci\u00f3n de la estructura de soporte y la construcci\u00f3n b\u00e1sica del edificio. Este n\u00famero puede variar considerablemente dependiendo de la ubicaci\u00f3n y la arquitectura del t\u00fanel de viento.\">?<\/span><\/th>\n<\/tr>\n<tr>\n<td>0.5-1<br \/>\n<small>millones \u20ac<\/small><\/td>\n<td>1-2<br \/>\n<small>millones \u20ac<\/small><\/td>\n<td>2-4<br \/>\n<small>millones \u20ac<\/small><\/td>\n<\/tr>\n<tr>\n<th colspan=\"4\">Tama\u00f1os<\/th>\n<\/tr>\n<tr>\n<td>10<small>pies<\/small><\/td>\n<td>12, 14<small>pies<\/small><\/td>\n<td>14+, 17, 21<small>pies<\/small><\/td>\n<\/tr>\n<tr>\n<th colspan=\"4\">Ventilaci\u00f3n directa<\/th>\n<\/tr>\n<tr>\n<td>No<\/td>\n<td>No<\/td>\n<td>S\u00ed<\/td>\n<\/tr>\n<tr>\n<th colspan=\"4\">Refrigeraci\u00f3n activa <span class=\"table-tooltip\" data-bs-toggle=\"tooltip\" data-bs-placement=\"top\" data-bs-html=\"true\" data-bs-title=\"El sistema de refrigeraci\u00f3n activa de Tunnel Tech funciona suministrando agua refrigerada a trav\u00e9s de los canales de las palas de aluminio huecas. Este m\u00e9todo es el m\u00e1s eficaz para la refrigeraci\u00f3n de t\u00faneles de viento y no introduce turbulencias ni causa p\u00e9rdidas adicionales de presi\u00f3n o eficiencia.\">?<\/span><\/th>\n<\/tr>\n<tr>\n<td>S\u00ed, incluye chiller<\/td>\n<td>S\u00ed<\/td>\n<td>Opcional<\/td>\n<\/tr>\n<tr>\n<th colspan=\"4\">Nivel de ruido<\/th>\n<\/tr>\n<tr>\n<td>63<small>dB (A)<\/small><\/td>\n<td>60<small>dB (A)<\/small><\/td>\n<td>51-55<small>dB (A)<\/small><\/td>\n<\/tr>\n<tr>\n<th colspan=\"4\">Velocidad del viento<\/th>\n<\/tr>\n<tr>\n<td>240<small>km\/h<\/small><\/td>\n<td>270<small>km\/h<\/small><\/td>\n<td>275-330<small>km\/h<\/small><\/td>\n<\/tr>\n<tr>\n<th colspan=\"4\">Reducci\u00f3n de velocidad<\/th>\n<\/tr>\n<tr>\n<td>1.96<small>x<\/small><\/td>\n<td>2.06<small>x<\/small><\/td>\n<td><small style=\"display: inline; margin-right: 5px;\">hasta<\/small>2.12<small>x<\/small><\/td>\n<\/tr>\n<tr>\n<th colspan=\"4\">Altura del vidrio<\/th>\n<\/tr>\n<tr>\n<td>7<small>metros<\/small><\/td>\n<td>4-11<small>metros<\/small><\/td>\n<td>8-36<small>metros<\/small><\/td>\n<\/tr>\n<\/tbody>\n<\/table>\n<\/div>\n\t\t\t\t\t\t\t\t<\/div>\n\t\t\t\t<\/div>\n\t\t\t\t\t<\/div>\n\t\t\t\t<\/div>\n\t\t\t\t<\/div>\n\t\t","protected":false},"excerpt":{"rendered":"<p>UFLYSMARTPRO Soluci\u00f3n integral de nivel inicial, ideal para proyectos orientados al entretenimiento LBE (Location Based Entertainment). Ofrece una experiencia de vuelo excelente con una inversi\u00f3n de capital m\u00ednima. T\u00fanel de viento ultracompacto ideal para espacios limitados. T\u00faneles de viento rentables, orientados al entretenimiento, que ofrecen un gran rendimiento a un costo reducido. Perfectos para negocios, [&hellip;]<\/p>\n","protected":false},"author":1,"featured_media":21335,"parent":0,"menu_order":0,"comment_status":"closed","ping_status":"closed","template":"elementor_theme","meta":{"_acf_changed":false,"footnotes":""},"class_list":["post-17098","page","type-page","status-publish","has-post-thumbnail","hentry"],"acf":[],"_links":{"self":[{"href":"https:\/\/legacy.tunneltech.eu\/es\/wp-json\/wp\/v2\/pages\/17098","targetHints":{"allow":["GET"]}}],"collection":[{"href":"https:\/\/legacy.tunneltech.eu\/es\/wp-json\/wp\/v2\/pages"}],"about":[{"href":"https:\/\/legacy.tunneltech.eu\/es\/wp-json\/wp\/v2\/types\/page"}],"author":[{"embeddable":true,"href":"https:\/\/legacy.tunneltech.eu\/es\/wp-json\/wp\/v2\/users\/1"}],"replies":[{"embeddable":true,"href":"https:\/\/legacy.tunneltech.eu\/es\/wp-json\/wp\/v2\/comments?post=17098"}],"version-history":[{"count":1,"href":"https:\/\/legacy.tunneltech.eu\/es\/wp-json\/wp\/v2\/pages\/17098\/revisions"}],"predecessor-version":[{"id":17100,"href":"https:\/\/legacy.tunneltech.eu\/es\/wp-json\/wp\/v2\/pages\/17098\/revisions\/17100"}],"wp:featuredmedia":[{"embeddable":true,"href":"https:\/\/legacy.tunneltech.eu\/es\/wp-json\/wp\/v2\/media\/21335"}],"wp:attachment":[{"href":"https:\/\/legacy.tunneltech.eu\/es\/wp-json\/wp\/v2\/media?parent=17098"}],"curies":[{"name":"wp","href":"https:\/\/api.w.org\/{rel}","templated":true}]}}