{"id":17152,"date":"2024-03-26T12:33:56","date_gmt":"2024-03-26T12:33:56","guid":{"rendered":"https:\/\/legacy.tunneltech.eu\/?page_id=17152"},"modified":"2025-04-18T10:44:56","modified_gmt":"2025-04-18T10:44:56","slug":"acerca-de-la-creadora-del-programa","status":"publish","type":"page","link":"https:\/\/legacy.tunneltech.eu\/es\/acerca-de-la-creadora-del-programa\/","title":{"rendered":"Acerca de la creadora del programa"},"content":{"rendered":"\t\t<div data-elementor-type=\"wp-page\" data-elementor-id=\"17152\" class=\"elementor elementor-17152 elementor-42\" data-elementor-post-type=\"page\">\n\t\t\t\t<div class=\"elementor-element elementor-element-d6ce642 section-header e-flex e-con-boxed e-con e-parent\" data-id=\"d6ce642\" data-element_type=\"container\" data-e-type=\"container\">\n\t\t\t\t\t<div class=\"e-con-inner\">\n\t\t\t\t<div class=\"elementor-element elementor-element-0984998 elementor-widget elementor-widget-heading\" data-id=\"0984998\" data-element_type=\"widget\" data-e-type=\"widget\" data-widget_type=\"heading.default\">\n\t\t\t\t<div class=\"elementor-widget-container\">\n\t\t\t\t\t<h2 class=\"elementor-heading-title elementor-size-default\">Marina Ivanova es la creadora del programa Aerokinesis<\/h2>\t\t\t\t<\/div>\n\t\t\t\t<\/div>\n\t\t<div class=\"elementor-element elementor-element-3cd683e e-grid e-con-full e-con e-child\" data-id=\"3cd683e\" data-element_type=\"container\" data-e-type=\"container\">\n\t\t\t\t<div class=\"elementor-element elementor-element-24f5284 elementor-widget elementor-widget-image\" data-id=\"24f5284\" data-element_type=\"widget\" data-e-type=\"widget\" data-widget_type=\"image.default\">\n\t\t\t\t<div class=\"elementor-widget-container\">\n\t\t\t\t\t\t\t\t\t\t\t\t\t\t\t<img fetchpriority=\"high\" decoding=\"async\" width=\"640\" height=\"426\" src=\"https:\/\/legacy.tunneltech.eu\/wp-content\/uploads\/2024\/06\/marina-ivanova-1024x681.jpg\" class=\"attachment-large size-large wp-image-1361\" alt=\"\" srcset=\"https:\/\/legacy.tunneltech.eu\/wp-content\/uploads\/2024\/06\/marina-ivanova-1024x681.jpg 1024w, https:\/\/legacy.tunneltech.eu\/wp-content\/uploads\/2024\/06\/marina-ivanova-300x200.jpg 300w, https:\/\/legacy.tunneltech.eu\/wp-content\/uploads\/2024\/06\/marina-ivanova-768x511.jpg 768w, https:\/\/legacy.tunneltech.eu\/wp-content\/uploads\/2024\/06\/marina-ivanova.jpg 1154w\" sizes=\"(max-width: 640px) 100vw, 640px\" \/>\t\t\t\t\t\t\t\t\t\t\t\t\t\t\t<\/div>\n\t\t\t\t<\/div>\n\t\t\t\t<div class=\"elementor-element elementor-element-d781be4 elementor-widget elementor-widget-text-editor\" data-id=\"d781be4\" data-element_type=\"widget\" data-e-type=\"widget\" data-widget_type=\"text-editor.default\">\n\t\t\t\t<div class=\"elementor-widget-container\">\n\t\t\t\t\t\t\t\t\tEntrenadora y especialista en rehabilitaci\u00f3n, ganadora de numerosos premios en fitness y culturismo.\r\n\r\nMarina combina m\u00e9todos deportivos, m\u00e9dicos y psicol\u00f3gicos en su trabajo, desarrollando programas personalizados para personas con necesidades especiales.\r\n\r\nFormaci\u00f3n:\r\n\r\nEscuela de Coreograf\u00eda de Tula. Educaci\u00f3n b\u00e1sica\r\nBen Weider College of Bodybuilding and Fitness, 1993-1995. Entrenadora personal\r\nAcademia M\u00e9dica Estatal de San Petersburgo. Se gradu\u00f3 con honores antes de continuar sus estudios en la Facultad de Medicina\r\nInstituto Temenos de Psicolog\u00eda, 1998-2000. Graduada con honores. Entrenadora en terapia grupal\r\nInstituto Estatal de Psicolog\u00eda y Trabajo Social de San Petersburgo, 2000-2003. Graduada con honores. Psicolog\u00eda aplicada, psic\u00f3loga, instructora. Estudio profundo de la psicolog\u00eda de la personalidad y el deporte\r\nInstituto Psicoanal\u00edtico de Europa del Este, 2003-2006. Graduada con honores. Asesoramiento psicol\u00f3gico, psic\u00f3loga, instructora. Estudio de diversas formas de terapia, enfoques centrados en el cliente y t\u00e9cnicas orientadas al cuerpo\r\nUniversidad Estatal Nacional Lesgaft de Educaci\u00f3n F\u00edsica, Deporte y Salud, 2018. Especialista certificada en entrenamiento f\u00edsico adaptativo y deporte\r\nEspecializada en t\u00e9cnicas y m\u00e9todos de masaje. Sus principales \u00e1reas de expertise incluyen quiromasaje y masaje de rehabilitaci\u00f3n y recuperaci\u00f3n\r\n\r\nProgramas creados por Marina Ivanovna:\r\n\r\nAerokinesis\u2060\u2014\u200aRehabilitaci\u00f3n en un entorno de t\u00fanel de viento\r\nAquakinesis\u2060\u2014\u200aRehabilitaci\u00f3n en un entorno acu\u00e1tico\r\nGenders\u2060\u2014\u200aRehabilitaci\u00f3n para cuestiones relacionadas con el g\u00e9nero\r\nRehabilitaci\u00f3n orientada a la kinesis a trav\u00e9s de ejercicios en sala\t\t\t\t\t\t\t\t<\/div>\n\t\t\t\t<\/div>\n\t\t\t\t<\/div>\n\t\t\t\t\t<\/div>\n\t\t\t\t<\/div>\n\t\t<div class=\"elementor-element elementor-element-a56c8c8 e-flex e-con-boxed e-con e-parent\" data-id=\"a56c8c8\" data-element_type=\"container\" data-e-type=\"container\">\n\t\t\t\t\t<div class=\"e-con-inner\">\n\t\t\t\t\t<\/div>\n\t\t\t\t<\/div>\n\t\t\t\t<\/div>\n\t\t","protected":false},"excerpt":{"rendered":"<p>Marina Ivanova es la creadora del programa Aerokinesis Entrenadora y especialista en rehabilitaci\u00f3n, ganadora de numerosos premios en fitness y culturismo. Marina combina m\u00e9todos deportivos, m\u00e9dicos y psicol\u00f3gicos en su trabajo, desarrollando programas personalizados para personas con necesidades especiales. Formaci\u00f3n: Escuela de Coreograf\u00eda de Tula. Educaci\u00f3n b\u00e1sica Ben Weider College of Bodybuilding and Fitness, 1993-1995. [&hellip;]<\/p>\n","protected":false},"author":1,"featured_media":17153,"parent":0,"menu_order":0,"comment_status":"closed","ping_status":"closed","template":"elementor_theme","meta":{"_acf_changed":false,"footnotes":""},"class_list":["post-17152","page","type-page","status-publish","has-post-thumbnail","hentry"],"acf":[],"_links":{"self":[{"href":"https:\/\/legacy.tunneltech.eu\/es\/wp-json\/wp\/v2\/pages\/17152","targetHints":{"allow":["GET"]}}],"collection":[{"href":"https:\/\/legacy.tunneltech.eu\/es\/wp-json\/wp\/v2\/pages"}],"about":[{"href":"https:\/\/legacy.tunneltech.eu\/es\/wp-json\/wp\/v2\/types\/page"}],"author":[{"embeddable":true,"href":"https:\/\/legacy.tunneltech.eu\/es\/wp-json\/wp\/v2\/users\/1"}],"replies":[{"embeddable":true,"href":"https:\/\/legacy.tunneltech.eu\/es\/wp-json\/wp\/v2\/comments?post=17152"}],"version-history":[{"count":1,"href":"https:\/\/legacy.tunneltech.eu\/es\/wp-json\/wp\/v2\/pages\/17152\/revisions"}],"predecessor-version":[{"id":17155,"href":"https:\/\/legacy.tunneltech.eu\/es\/wp-json\/wp\/v2\/pages\/17152\/revisions\/17155"}],"wp:featuredmedia":[{"embeddable":true,"href":"https:\/\/legacy.tunneltech.eu\/es\/wp-json\/wp\/v2\/media\/17153"}],"wp:attachment":[{"href":"https:\/\/legacy.tunneltech.eu\/es\/wp-json\/wp\/v2\/media?parent=17152"}],"curies":[{"name":"wp","href":"https:\/\/api.w.org\/{rel}","templated":true}]}}