{"id":17196,"date":"2024-03-26T12:33:29","date_gmt":"2024-03-26T12:33:29","guid":{"rendered":"https:\/\/legacy.tunneltech.eu\/?page_id=17196"},"modified":"2025-04-18T10:44:57","modified_gmt":"2025-04-18T10:44:57","slug":"aviso-legal","status":"publish","type":"page","link":"https:\/\/legacy.tunneltech.eu\/es\/aviso-legal\/","title":{"rendered":"Aviso Legal"},"content":{"rendered":"<h3 style=\"padding: 20px 0;\">TTE GmbH<\/h3>\n<p>Stammheimer Str. 35 70435 Stuttgart Alemania<br \/>\nTel\u00e9fono +49 711 925 368 0<br \/>\nCorreo electr\u00f3nico <a href=\"mailto:info@tunneltech.eu\">info@tunneltech.eu<\/a><\/p>\n<p>Contacto y responsable de los contenidos: Svjatoslav Lisin<br \/>\nCorreo electr\u00f3nico <a href=\"mailto:svjatoslav.lisin@tunneltech.eu\">svjatoslav.lisin@tunneltech.eu<\/a><\/p>\n<p>Informaci\u00f3n bancaria:<br \/>\nAviso Legal<br \/>\nDerechos de autor<br \/>\nCopyright TTE GmbH. Todos los derechos reservados. El texto, las im\u00e1genes, los gr\u00e1ficos, los archivos de sonido, los archivos de animaci\u00f3n, los archivos de video y su disposici\u00f3n en los sitios de Tunnel Tech est\u00e1n sujetos a derechos de autor y otras protecciones de propiedad intelectual. Estos objetos no pueden ser copiados para su uso comercial o distribuci\u00f3n, ni modificados ni repostados en otros sitios web, aplicaciones u otros contenidos digitales (en adelante \u201cOfertas Digitales\u201d). Algunas Ofertas Digitales de Tunnel Tech tambi\u00e9n contienen material que est\u00e1 sujeto a los derechos de autor de sus proveedores.<\/p>\n<table>\n<tbody>\n<tr>\n<td>Tribunal de Registro<\/td>\n<td>Tribunal Local de Stuttgart, Alemania<\/td>\n<\/tr>\n<tr>\n<td>Registro Mercantil<\/td>\n<td>HRB 766427<\/td>\n<\/tr>\n<tr>\n<td>ID de IVA<\/td>\n<td>DE320246011<\/td>\n<\/tr>\n<tr>\n<td>Sede<\/td>\n<td>Stuttgart<\/td>\n<\/tr>\n<\/tbody>\n<tbody>\n<tr>\n<td>Moneda<\/td>\n<td>EUR<\/td>\n<\/tr>\n<tr>\n<td>Nombre del banco<\/td>\n<td>Kreissparkasse Ludwigsburg<\/td>\n<\/tr>\n<tr>\n<td>BIC<\/td>\n<td>SOLADES1LBG<\/td>\n<\/tr>\n<tr>\n<td>IBAN<\/td>\n<td>DE15 6045 0050 0030 1876 32<\/td>\n<\/tr>\n<\/tbody>\n<tbody>\n<tr>\n<td>Moneda<\/td>\n<td>USD<\/td>\n<\/tr>\n<tr>\n<td>Nombre del banco<\/td>\n<td>Kreissparkasse Ludwigsburg<\/td>\n<\/tr>\n<tr>\n<td>BIC<\/td>\n<td>SOLADES1LBG<\/td>\n<\/tr>\n<tr>\n<td>IBAN<\/td>\n<td>DE64 6045 0050 0220 2621 30<\/td>\n<\/tr>\n<\/tbody>\n<\/table>\n","protected":false},"excerpt":{"rendered":"<p>TTE GmbH Stammheimer Str. 35 70435 Stuttgart Alemania Tel\u00e9fono +49 711 925 368 0 Correo electr\u00f3nico info@tunneltech.eu Contacto y responsable de los contenidos: Svjatoslav Lisin Correo electr\u00f3nico svjatoslav.lisin@tunneltech.eu Informaci\u00f3n bancaria: Aviso Legal Derechos de autor Copyright TTE GmbH. Todos los derechos reservados. El texto, las im\u00e1genes, los gr\u00e1ficos, los archivos de sonido, los archivos de [&hellip;]<\/p>\n","protected":false},"author":1,"featured_media":0,"parent":0,"menu_order":0,"comment_status":"closed","ping_status":"closed","template":"","meta":{"_acf_changed":false,"footnotes":""},"class_list":["post-17196","page","type-page","status-publish","hentry"],"acf":[],"_links":{"self":[{"href":"https:\/\/legacy.tunneltech.eu\/es\/wp-json\/wp\/v2\/pages\/17196","targetHints":{"allow":["GET"]}}],"collection":[{"href":"https:\/\/legacy.tunneltech.eu\/es\/wp-json\/wp\/v2\/pages"}],"about":[{"href":"https:\/\/legacy.tunneltech.eu\/es\/wp-json\/wp\/v2\/types\/page"}],"author":[{"embeddable":true,"href":"https:\/\/legacy.tunneltech.eu\/es\/wp-json\/wp\/v2\/users\/1"}],"replies":[{"embeddable":true,"href":"https:\/\/legacy.tunneltech.eu\/es\/wp-json\/wp\/v2\/comments?post=17196"}],"version-history":[{"count":1,"href":"https:\/\/legacy.tunneltech.eu\/es\/wp-json\/wp\/v2\/pages\/17196\/revisions"}],"predecessor-version":[{"id":22285,"href":"https:\/\/legacy.tunneltech.eu\/es\/wp-json\/wp\/v2\/pages\/17196\/revisions\/22285"}],"wp:attachment":[{"href":"https:\/\/legacy.tunneltech.eu\/es\/wp-json\/wp\/v2\/media?parent=17196"}],"curies":[{"name":"wp","href":"https:\/\/api.w.org\/{rel}","templated":true}]}}